{"id":24,"date":"2016-07-18T00:39:07","date_gmt":"2016-07-18T00:39:07","guid":{"rendered":"http:\/\/sw-themes.com\/porto_dummy\/?page_id=24"},"modified":"2024-12-06T11:59:54","modified_gmt":"2024-12-06T11:59:54","slug":"sobre","status":"publish","type":"page","link":"https:\/\/infarma.co.mz\/index.php\/sobre\/","title":{"rendered":"Sobre n\u00f3s"},"content":{"rendered":"<div class=\"wpb-content-wrapper\"><p>[vc_row el_id=&#8221;who-we-are&#8221; el_class=&#8221;m-t-n-md p-t-md&#8221;][vc_column][vc_single_image image=&#8221;22&#8243; img_size=&#8221;full&#8221; css=&#8221;&#8221; el_class=&#8221;mb-4&#8243;][vc_empty_space][vc_custom_heading text=&#8221;INFARMA &#8211; Ind\u00fastria Farmac\u00eautica, lda&#8221; font_container=&#8221;tag:h2|font_size:2em|text_align:left|line_height:1&#8243; use_theme_fonts=&#8221;yes&#8221; css=&#8221;&#8221; el_class=&#8221;mb-4&#8243;]<div class=\"porto-u-heading  wpb_custom_497a1ef59c281198d2b8242f83cd467d porto-u-2113 \"><div class=\"porto-u-sub-heading\" style=\"\">\n<p style=\"text-align: justify;\">A\u00a0<strong>INFARMA<\/strong>\u00a0\u00e9 uma Ind\u00fastria Farmac\u00eautica resultante da coopera\u00e7\u00e3o entre a Sociedade Mo\u00e7ambicana de Medicamentos (SMM) e a F\u00e1brica Nacional de Medicamentos (FNM).<\/p>\n<p style=\"text-align: justify;\">A f\u00e1brica estabelece uma instala\u00e7\u00e3o moderna de acordo com as Boas Pr\u00e1ticas de Fabrico para produzir medicamentos para\u00a0 \u00a0consumo humano.<\/p>\n<p style=\"text-align: justify;\">A INFARMA \u00e9 uma ind\u00fastria farmac\u00eautica mo\u00e7ambicana que se esfor\u00e7a por produzir medicamentos seguros, eficazes e de qualidade que contribuam para a melhoria da qualidade de vida e da sa\u00fade p\u00fablica. Estamos constantemente a tentar expandir a nossa portf\u00f3lio de produtos com Medicamentos essenciais e importantes. Por isso, a qualidade dos produtos \u00e9 sempre a nossa principal prioridade.<\/p>\n<p><\/div><style>.porto-u-2113.porto-u-heading{text-align:left}<\/style><\/div>[vc_separator color=&#8221;blue&#8221; border_width=&#8221;2&#8243; el_width=&#8221;50&#8243; css=&#8221;&#8221;][vc_row_inner][vc_column_inner width=&#8221;2\/3&#8243;]<div class=\"porto-u-heading  wpb_custom_497a1ef59c281198d2b8242f83cd467d porto-u-4686 \"><div class=\"porto-u-sub-heading\" style=\"\">\n<p style=\"text-align: justify;\"><span style=\"font-size: 17px;\">A INFARMA Tamb\u00e9m promove activamente a igualdade de g\u00e9nero, criando um ambiente inclusivo onde homens e mulheres t\u00eam iguais oportunidades de desenvolvimento. Esta valoriza\u00e7\u00e3o \u00e9 essencial para fomentar um espa\u00e7o de trabalho mais justo e produtivo.<\/span><\/p>\n<p><\/div><style>.porto-u-4686.porto-u-heading{text-align:left}<\/style><\/div>[\/vc_column_inner][vc_column_inner width=&#8221;1\/3&#8243; css=&#8221;.vc_custom_1733483181972{background-image: url(https:\/\/infarma.co.mz\/wp-content\/uploads\/2024\/12\/P12503241t.jpg?id=731) !important;background-position: center !important;background-repeat: no-repeat !important;background-size: cover !important;}&#8221;][vc_empty_space height=&#8221;170&#8243;][\/vc_column_inner][\/vc_row_inner][\/vc_column][\/vc_row][vc_row el_id=&#8221;mission-vision&#8221;][vc_column][vc_tabs position=&#8221;top-left&#8221; type=&#8221;tabs-simple&#8221;][vc_tab show_icon=&#8221;yes&#8221; icon_type=&#8221;simpleline&#8221; icon_simpleline=&#8221;Simple-Line-Icons-eyeglass&#8221; title=&#8221;Nossa Vis\u00e3o&#8221; tab_id=&#8221;e0ae42cf-7ae1-10&#8243; icon_color=&#8221;var(&#8211;porto-primary-color)&#8221; icon_bg_color=&#8221;var(&#8211;porto-light-color)&#8221; icon_hcolor=&#8221;var(&#8211;porto-primary-color)&#8221; icon_hbg_color=&#8221;var(&#8211;porto-tertiary-color)&#8221;]<div class=\"porto-u-heading  wpb_custom_497a1ef59c281198d2b8242f83cd467d porto-u-9186 \"><div class=\"porto-u-sub-heading\" style=\"\">\n<p style=\"text-align: justify;\">Queremos ser uma refer\u00eancia nacional e regional na ind\u00fastria farmac\u00eautica, produzindo e distribuindo medicamentos com qualidade de classe mundial.<\/p>\n<p><\/div><style>.porto-u-9186.porto-u-heading{text-align:left}<\/style><\/div>[\/vc_tab][vc_tab show_icon=&#8221;yes&#8221; icon_type=&#8221;simpleline&#8221; icon_simpleline=&#8221;Simple-Line-Icons-diamond&#8221; title=&#8221;Nossa Miss\u00e3o&#8221; tab_id=&#8221;44a401a0-6aeb-0&#8243; icon_color=&#8221;var(&#8211;porto-primary-color)&#8221; icon_bg_color=&#8221;var(&#8211;porto-light-color)&#8221; icon_hcolor=&#8221;var(&#8211;porto-primary-color)&#8221; icon_hbg_color=&#8221;var(&#8211;porto-tertiary-color)&#8221;]<div class=\"porto-u-heading  wpb_custom_497a1ef59c281198d2b8242f83cd467d porto-u-1529 \"><div class=\"porto-u-sub-heading\" style=\"\">\n<p style=\"text-align: justify;\">Queremos produzir e fornecer solu\u00e7\u00f5es terap\u00eauticas eficazes, tanto na preven\u00e7\u00e3o como no combate \u00e0s doen\u00e7as. Queremos ser um participante ativo no fornecimento de medicamentos fabricados em Mo\u00e7ambique ao sistema nacional de sa\u00fade, contribuindo assim para a melhoria da sa\u00fade e qualidade de vida das pessoas. A nossa a\u00e7\u00e3o assentar\u00e1 na procura de maior valor para os clientes e\u00a0<i>stakeholders<\/i>\u00a0em geral, atrav\u00e9s da implementa\u00e7\u00e3o de processos e sistemas que se traduzam em resultados e melhor rela\u00e7\u00e3o custo-efic\u00e1cia<\/p>\n<p><\/div><style>.porto-u-1529.porto-u-heading{text-align:left}<\/style><\/div>[\/vc_tab][vc_tab show_icon=&#8221;yes&#8221; icon_type=&#8221;simpleline&#8221; icon_simpleline=&#8221;Simple-Line-Icons-people&#8221; title=&#8221;NOSSOS VALORES&#8221; tab_id=&#8221;1620646982146-2-8&#8243; icon_color=&#8221;var(&#8211;porto-primary-color)&#8221; icon_bg_color=&#8221;var(&#8211;porto-light-color)&#8221; icon_hcolor=&#8221;var(&#8211;porto-primary-color)&#8221; icon_hbg_color=&#8221;var(&#8211;porto-tertiary-color)&#8221;]<div class=\"porto-u-heading  wpb_custom_497a1ef59c281198d2b8242f83cd467d porto-u-5441 \"><div class=\"porto-u-sub-heading\" style=\"\">\n<ul>\n<li>Integridade<\/li>\n<li>Satisfa\u00e7\u00e3o Do Cliente<\/li>\n<li>Foco Nos Resultados<\/li>\n<li>Valoriza\u00e7\u00e3o Das Pessoas<\/li>\n<li>Inova\u00e7\u00e3o<\/li>\n<li>Valoriza\u00e7\u00e3o Do Meio Ambiente<\/li>\n<li>Respeito<\/li>\n<li>Produtividade<\/li>\n<\/ul>\n<p><\/div><style>.porto-u-5441.porto-u-heading{text-align:left}<\/style><\/div>[\/vc_tab][\/vc_tabs][\/vc_column][\/vc_row][vc_row][vc_column][vc_empty_space][vc_custom_heading text=&#8221;Hist\u00f3ria Evolutiva&#8221; font_container=&#8221;tag:h2|font_size:2em|text_align:left|line_height:1&#8243; use_theme_fonts=&#8221;yes&#8221; css=&#8221;&#8221; el_class=&#8221;mb-4&#8243;]<section class=\"timeline wpb_custom_aa84c36a6a947f6099708744f0f74b68\"><div class=\"timeline-body\"><div class=\"timeline-date\"><h3 class=\"time-text step-item-subtitle\">1991<\/h3><\/div><article class=\"timeline-box left\"><div><h4 class=\"timeline-item-title step-item-title\">Soprojectos<\/h4><div class=\"timeline-item-content\"><\/div><\/div><\/article><div class=\"timeline-date\"><h3 class=\"time-text step-item-subtitle\">2001<\/h3><\/div><article class=\"timeline-box right\"><div><h4 class=\"timeline-item-title step-item-title\">Final Farmac\u00eautica<\/h4><div class=\"timeline-item-content\"><\/div><\/div><\/article><div class=\"timeline-date\"><h3 class=\"time-text step-item-subtitle\">2019<\/h3><\/div><article class=\"timeline-box left\"><div><h4 class=\"timeline-item-title step-item-title\">Sociedade Mo\u00e7ambicana de Medicamentos Brasil (Fiocruz-Farmanguinhos) + Gov.Mo\u00e7.<\/h4><div class=\"timeline-item-content\"><\/div><\/div><\/article><div class=\"timeline-date\"><h3 class=\"time-text step-item-subtitle\">2022<\/h3><\/div><article class=\"timeline-box right\"><div><h4 class=\"timeline-item-title step-item-title\">- INFARMA \u2013 Ind\u00fastria Farmac\u00eatica +  Gov.Mo\u00e7.<\/h4><div class=\"timeline-item-content\"><\/div><\/div><\/article><\/div><\/section>[\/vc_column][\/vc_row]<\/p>\n<\/div>","protected":false},"excerpt":{"rendered":"<p>[vc_row el_id=&#8221;who-we-are&#8221; el_class=&#8221;m-t-n-md p-t-md&#8221;][vc_column][vc_single_image image=&#8221;22&#8243; img_size=&#8221;full&#8221; css=&#8221;&#8221; el_class=&#8221;mb-4&#8243;][vc_empty_space][vc_custom_heading text=&#8221;INFARMA &#8211; Ind\u00fastria Farmac\u00eautica, lda&#8221; font_container=&#8221;tag:h2|font_size:2em|text_align:left|line_height:1&#8243; use_theme_fonts=&#8221;yes&#8221; css=&#8221;&#8221; el_class=&#8221;mb-4&#8243;][vc_separator color=&#8221;blue&#8221; border_width=&#8221;2&#8243; el_width=&#8221;50&#8243; css=&#8221;&#8221;][vc_row_inner][vc_column_inner width=&#8221;2\/3&#8243;][\/vc_column_inner][vc_column_inner width=&#8221;1\/3&#8243; css=&#8221;.vc_custom_1733483181972{background-image: url(https:\/\/infarma.co.mz\/wp-content\/uploads\/2024\/12\/P12503241t.jpg?id=731) !important;background-position: center !important;background-repeat: no-repeat !important;background-size: cover !important;}&#8221;][vc_empty_space height=&#8221;170&#8243;][\/vc_column_inner][\/vc_row_inner][\/vc_column][\/vc_row][vc_row el_id=&#8221;mission-vision&#8221;][vc_column][vc_tabs position=&#8221;top-left&#8221; type=&#8221;tabs-simple&#8221;][vc_tab show_icon=&#8221;yes&#8221; icon_type=&#8221;simpleline&#8221; icon_simpleline=&#8221;Simple-Line-Icons-eyeglass&#8221; title=&#8221;Nossa Vis\u00e3o&#8221; tab_id=&#8221;e0ae42cf-7ae1-10&#8243; icon_color=&#8221;var(&#8211;porto-primary-color)&#8221; icon_bg_color=&#8221;var(&#8211;porto-light-color)&#8221; icon_hcolor=&#8221;var(&#8211;porto-primary-color)&#8221; icon_hbg_color=&#8221;var(&#8211;porto-tertiary-color)&#8221;][\/vc_tab][vc_tab show_icon=&#8221;yes&#8221; icon_type=&#8221;simpleline&#8221; icon_simpleline=&#8221;Simple-Line-Icons-diamond&#8221; title=&#8221;Nossa Miss\u00e3o&#8221; tab_id=&#8221;44a401a0-6aeb-0&#8243; icon_color=&#8221;var(&#8211;porto-primary-color)&#8221; icon_bg_color=&#8221;var(&#8211;porto-light-color)&#8221; icon_hcolor=&#8221;var(&#8211;porto-primary-color)&#8221; [&hellip;]<\/p>\n","protected":false},"author":1,"featured_media":0,"parent":0,"menu_order":0,"comment_status":"closed","ping_status":"closed","template":"","meta":{"content-type":"","footnotes":""},"class_list":["post-24","page","type-page","status-publish","hentry"],"_links":{"self":[{"href":"https:\/\/infarma.co.mz\/index.php\/wp-json\/wp\/v2\/pages\/24","targetHints":{"allow":["GET"]}}],"collection":[{"href":"https:\/\/infarma.co.mz\/index.php\/wp-json\/wp\/v2\/pages"}],"about":[{"href":"https:\/\/infarma.co.mz\/index.php\/wp-json\/wp\/v2\/types\/page"}],"author":[{"embeddable":true,"href":"https:\/\/infarma.co.mz\/index.php\/wp-json\/wp\/v2\/users\/1"}],"replies":[{"embeddable":true,"href":"https:\/\/infarma.co.mz\/index.php\/wp-json\/wp\/v2\/comments?post=24"}],"version-history":[{"count":35,"href":"https:\/\/infarma.co.mz\/index.php\/wp-json\/wp\/v2\/pages\/24\/revisions"}],"predecessor-version":[{"id":756,"href":"https:\/\/infarma.co.mz\/index.php\/wp-json\/wp\/v2\/pages\/24\/revisions\/756"}],"wp:attachment":[{"href":"https:\/\/infarma.co.mz\/index.php\/wp-json\/wp\/v2\/media?parent=24"}],"curies":[{"name":"wp","href":"https:\/\/api.w.org\/{rel}","templated":true}]}}