{"id":36,"date":"2016-07-18T09:02:31","date_gmt":"2016-07-18T09:02:31","guid":{"rendered":"http:\/\/sw-themes.com\/porto_dummy\/?page_id=36"},"modified":"2024-11-30T15:23:20","modified_gmt":"2024-11-30T15:23:20","slug":"services","status":"publish","type":"page","link":"https:\/\/infarma.co.mz\/index.php\/services\/","title":{"rendered":"NOSSAS ACTIVIDADES"},"content":{"rendered":"<div class=\"wpb-content-wrapper\"><p>[vc_row][vc_column]<div class=\"porto-sicon-box mb-5  wpb_custom_975d3200a23cbbd8fb749c6afded1815 style_1 left-icon\"><div class=\"porto-sicon-left\"><div class=\"porto-just-icon-wrapper porto-icon none\" style=\"color:var(--porto-primary-color);font-size:40px;\"><i class=\"fas fa-pills\"><\/i><\/div><\/div><div class=\"porto-sicon-body\"><div class=\"porto-sicon-header\"><h3 class=\"porto-sicon-title\" style=\"\">Produ\u00e7\u00e3o de medicamentos: s\u00f3lidos orais (c\u00e1psulas e comprimidos);<\/h3><\/div> <!-- header --><div class=\"porto-sicon-description\" style=\"\"><a class=\"porto-sicon-read xx\" href=\"https:\/\/teste.rgbsi.co.mz\/index.php\/services\/general-construction\/\" title='Produ\u00e7\u00e3o de medicamentos'>View More<span>&nbsp;&raquo;<\/span><\/a><\/div> <!-- description --><\/div><\/div><!-- porto-sicon-box --><div class=\"porto-sicon-box mb-5  wpb_custom_975d3200a23cbbd8fb749c6afded1815 style_1 left-icon\"><div class=\"porto-sicon-left\"><div class=\"porto-just-icon-wrapper porto-icon none\" style=\"color:var(--porto-primary-color);font-size:40px;\"><i class=\"fas fa-microscope\"><\/i><\/div><\/div><div class=\"porto-sicon-body\"><div class=\"porto-sicon-header\"><h3 class=\"porto-sicon-title\" style=\"\">Controlo de qualidade de: mat\u00e9rias-primas, materiais de embalagem e produtos acabados;<\/h3><\/div> <!-- header --><div class=\"porto-sicon-description\" style=\"\"><a class=\"porto-sicon-read xx\" href=\"https:\/\/teste.rgbsi.co.mz\/index.php\/services\/plumbing\/\" title='Controlo de qualidade'>View More<span>&nbsp;&raquo;<\/span><\/a><\/div> <!-- description --><\/div><\/div><!-- porto-sicon-box --><div class=\"porto-sicon-box mb-5  wpb_custom_975d3200a23cbbd8fb749c6afded1815 style_1 left-icon\"><div class=\"porto-sicon-left\"><div class=\"porto-just-icon-wrapper porto-icon none\" style=\"color:var(--porto-primary-color);font-size:40px;\"><i class=\"Simple-Line-Icons-home\"><\/i><\/div><\/div><div class=\"porto-sicon-body\"><div class=\"porto-sicon-header\"><h3 class=\"porto-sicon-title\" style=\"\">Armazenamento de medicamentos;<\/h3><\/div> <!-- header --><div class=\"porto-sicon-description\" style=\"\"><a class=\"porto-sicon-read xx\" href=\"https:\/\/teste.rgbsi.co.mz\/index.php\/services\/painting\/\" title='Armazenamento de medicamentos'>View More<span>&nbsp;&raquo;<\/span><\/a><\/div> <!-- description --><\/div><\/div><!-- porto-sicon-box --><div class=\"porto-sicon-box mb-5  wpb_custom_975d3200a23cbbd8fb749c6afded1815 style_1 left-icon\"><div class=\"porto-sicon-left\"><div class=\"porto-just-icon-wrapper porto-icon none\" style=\"color:var(--porto-primary-color);font-size:40px;\"><i class=\"fas fa-truck\"><\/i><\/div><\/div><div class=\"porto-sicon-body\"><div class=\"porto-sicon-header\"><h3 class=\"porto-sicon-title\" style=\"\">Distribui\u00e7\u00e3o de medicamentos.<\/h3><\/div> <!-- header --><div class=\"porto-sicon-description\" style=\"\"><a class=\"porto-sicon-read xx\" href=\"https:\/\/teste.rgbsi.co.mz\/index.php\/services\/pre-construction\/\" title='Distribui\u00e7\u00e3o de medicamentos'>View More<span>&nbsp;&raquo;<\/span><\/a><\/div> <!-- description --><\/div><\/div><!-- porto-sicon-box -->[\/vc_column][\/vc_row]<\/p>\n<\/div>","protected":false},"excerpt":{"rendered":"<p>[vc_row][vc_column][\/vc_column][\/vc_row]<\/p>\n","protected":false},"author":1,"featured_media":0,"parent":0,"menu_order":0,"comment_status":"closed","ping_status":"closed","template":"","meta":{"content-type":"","footnotes":""},"class_list":["post-36","page","type-page","status-publish","hentry"],"_links":{"self":[{"href":"https:\/\/infarma.co.mz\/index.php\/wp-json\/wp\/v2\/pages\/36","targetHints":{"allow":["GET"]}}],"collection":[{"href":"https:\/\/infarma.co.mz\/index.php\/wp-json\/wp\/v2\/pages"}],"about":[{"href":"https:\/\/infarma.co.mz\/index.php\/wp-json\/wp\/v2\/types\/page"}],"author":[{"embeddable":true,"href":"https:\/\/infarma.co.mz\/index.php\/wp-json\/wp\/v2\/users\/1"}],"replies":[{"embeddable":true,"href":"https:\/\/infarma.co.mz\/index.php\/wp-json\/wp\/v2\/comments?post=36"}],"version-history":[{"count":9,"href":"https:\/\/infarma.co.mz\/index.php\/wp-json\/wp\/v2\/pages\/36\/revisions"}],"predecessor-version":[{"id":674,"href":"https:\/\/infarma.co.mz\/index.php\/wp-json\/wp\/v2\/pages\/36\/revisions\/674"}],"wp:attachment":[{"href":"https:\/\/infarma.co.mz\/index.php\/wp-json\/wp\/v2\/media?parent=36"}],"curies":[{"name":"wp","href":"https:\/\/api.w.org\/{rel}","templated":true}]}}