{"id":38,"date":"2016-07-18T09:04:51","date_gmt":"2016-07-18T09:04:51","guid":{"rendered":"http:\/\/sw-themes.com\/porto_dummy\/?page_id=38"},"modified":"2024-12-06T11:57:54","modified_gmt":"2024-12-06T11:57:54","slug":"produao-de-medicamentos","status":"publish","type":"page","link":"https:\/\/infarma.co.mz\/index.php\/services\/produao-de-medicamentos\/","title":{"rendered":"Produ\u00e7\u00e3o de medicamentos"},"content":{"rendered":"<div class=\"wpb-content-wrapper\"><p>[vc_row][vc_column][vc_custom_heading text=&#8221;Produ\u00e7\u00e3o de medicamentos&#8221; font_container=&#8221;tag:h2|font_size:2.2em|text_align:left&#8221; use_theme_fonts=&#8221;yes&#8221; css=&#8221;&#8221; animation_delay=&#8221;1000&#8243; el_class=&#8221;mb-4&#8243; animation_type=&#8221;fadeInUp&#8221;][vc_column_text css=&#8221;&#8221;]<\/p>\n<p style=\"text-align: justify;\">A INFARMA orgulha-se de ser uma refer\u00eancia em Mo\u00e7ambique na produ\u00e7\u00e3o de medicamentos de alta qualidade, fabricados por mo\u00e7ambicanos para atender \u00e0s necessidades da popula\u00e7\u00e3o. A sua moderna instala\u00e7\u00e3o foi cuidadosamente projetada e opera em rigorosa conformidade com as Boas Pr\u00e1ticas de Fabrico (BPF), garantindo elevados padr\u00f5es de seguran\u00e7a, efic\u00e1cia e qualidade em todos os produtos destinados ao consumo humano.<\/p>\n<p style=\"text-align: justify;\">Com um compromisso inabal\u00e1vel de promover a sa\u00fade p\u00fablica, a INFARMA dedica-se \u00e0 produ\u00e7\u00e3o de medicamentos essenciais, reduzindo a depend\u00eancia de importa\u00e7\u00f5es e fortalecendo o setor farmac\u00eautico nacional. Este investimento estrat\u00e9gico n\u00e3o s\u00f3 refor\u00e7a a capacidade industrial do pa\u00eds, como tamb\u00e9m simboliza o orgulho em solu\u00e7\u00f5es que s\u00e3o produzidas em Mo\u00e7ambique, para Mo\u00e7ambique.<\/p>\n<p>[\/vc_column_text][vc_single_image image=&#8221;645&#8243; img_size=&#8221;1024&#215;500&#8243; css=&#8221;&#8221; animation_delay=&#8221;1600&#8243; animation_type=&#8221;fadeInUp&#8221;][\/vc_column][\/vc_row]<\/p>\n<\/div>","protected":false},"excerpt":{"rendered":"<p>[vc_row][vc_column][vc_custom_heading text=&#8221;Produ\u00e7\u00e3o de medicamentos&#8221; font_container=&#8221;tag:h2|font_size:2.2em|text_align:left&#8221; use_theme_fonts=&#8221;yes&#8221; css=&#8221;&#8221; animation_delay=&#8221;1000&#8243; el_class=&#8221;mb-4&#8243; animation_type=&#8221;fadeInUp&#8221;][vc_column_text css=&#8221;&#8221;] A INFARMA orgulha-se de ser uma refer\u00eancia em Mo\u00e7ambique na produ\u00e7\u00e3o de medicamentos de alta qualidade, fabricados por mo\u00e7ambicanos para atender \u00e0s necessidades da popula\u00e7\u00e3o. A sua moderna instala\u00e7\u00e3o foi cuidadosamente projetada e opera em rigorosa conformidade com as Boas Pr\u00e1ticas de Fabrico (BPF), [&hellip;]<\/p>\n","protected":false},"author":1,"featured_media":0,"parent":36,"menu_order":0,"comment_status":"closed","ping_status":"closed","template":"","meta":{"content-type":"","footnotes":""},"class_list":["post-38","page","type-page","status-publish","hentry"],"_links":{"self":[{"href":"https:\/\/infarma.co.mz\/index.php\/wp-json\/wp\/v2\/pages\/38","targetHints":{"allow":["GET"]}}],"collection":[{"href":"https:\/\/infarma.co.mz\/index.php\/wp-json\/wp\/v2\/pages"}],"about":[{"href":"https:\/\/infarma.co.mz\/index.php\/wp-json\/wp\/v2\/types\/page"}],"author":[{"embeddable":true,"href":"https:\/\/infarma.co.mz\/index.php\/wp-json\/wp\/v2\/users\/1"}],"replies":[{"embeddable":true,"href":"https:\/\/infarma.co.mz\/index.php\/wp-json\/wp\/v2\/comments?post=38"}],"version-history":[{"count":8,"href":"https:\/\/infarma.co.mz\/index.php\/wp-json\/wp\/v2\/pages\/38\/revisions"}],"predecessor-version":[{"id":667,"href":"https:\/\/infarma.co.mz\/index.php\/wp-json\/wp\/v2\/pages\/38\/revisions\/667"}],"up":[{"embeddable":true,"href":"https:\/\/infarma.co.mz\/index.php\/wp-json\/wp\/v2\/pages\/36"}],"wp:attachment":[{"href":"https:\/\/infarma.co.mz\/index.php\/wp-json\/wp\/v2\/media?parent=38"}],"curies":[{"name":"wp","href":"https:\/\/api.w.org\/{rel}","templated":true}]}}