{"id":40,"date":"2016-07-18T09:05:33","date_gmt":"2016-07-18T09:05:33","guid":{"rendered":"http:\/\/sw-themes.com\/porto_dummy\/?page_id=40"},"modified":"2024-12-06T11:59:35","modified_gmt":"2024-12-06T11:59:35","slug":"armazenamento","status":"publish","type":"page","link":"https:\/\/infarma.co.mz\/index.php\/services\/armazenamento\/","title":{"rendered":"Armazenamento de medicamentos"},"content":{"rendered":"<div class=\"wpb-content-wrapper\"><p>[vc_row][vc_column][vc_custom_heading text=&#8221;Armazenamento de medicamentos&#8221; font_container=&#8221;tag:h2|font_size:2.2em|text_align:left&#8221; use_theme_fonts=&#8221;yes&#8221; css=&#8221;&#8221; animation_delay=&#8221;1000&#8243; el_class=&#8221;mb-4&#8243; animation_type=&#8221;fadeInUp&#8221;][vc_column_text css=&#8221;&#8221;]<\/p>\n<p style=\"text-align: justify;\">A INFARMA disp\u00f5e de instala\u00e7\u00f5es modernas que garantem a integridade e a qualidade dos produtos farmac\u00eauticos, respeitando rigorosos padr\u00f5es de seguran\u00e7a e efici\u00eancia. O controlo ambiental, aliado a sistemas automatizados, permite manter os medicamentos em condi\u00e7\u00f5es \u00f3ptimas, protegendo-os de factores como humidade, luz e temperatura inadequadas. Esta abordagem evidencia o compromisso da INFARMA com a excel\u00eancia no sector farmac\u00eautico, assegurando que os medicamentos chegam ao consumidor final com a m\u00e1xima efic\u00e1cia e seguran\u00e7a.<\/p>\n<p>[\/vc_column_text][vc_single_image image=&#8221;655&#8243; img_size=&#8221;1024&#215;500&#8243; css=&#8221;&#8221; animation_delay=&#8221;1600&#8243; animation_type=&#8221;fadeInUp&#8221;][\/vc_column][\/vc_row]<\/p>\n<\/div>","protected":false},"excerpt":{"rendered":"<p>[vc_row][vc_column][vc_custom_heading text=&#8221;Armazenamento de medicamentos&#8221; font_container=&#8221;tag:h2|font_size:2.2em|text_align:left&#8221; use_theme_fonts=&#8221;yes&#8221; css=&#8221;&#8221; animation_delay=&#8221;1000&#8243; el_class=&#8221;mb-4&#8243; animation_type=&#8221;fadeInUp&#8221;][vc_column_text css=&#8221;&#8221;] A INFARMA disp\u00f5e de instala\u00e7\u00f5es modernas que garantem a integridade e a qualidade dos produtos farmac\u00eauticos, respeitando rigorosos padr\u00f5es de seguran\u00e7a e efici\u00eancia. O controlo ambiental, aliado a sistemas automatizados, permite manter os medicamentos em condi\u00e7\u00f5es \u00f3ptimas, protegendo-os de factores como humidade, luz e [&hellip;]<\/p>\n","protected":false},"author":1,"featured_media":0,"parent":36,"menu_order":0,"comment_status":"closed","ping_status":"closed","template":"","meta":{"content-type":"","footnotes":""},"class_list":["post-40","page","type-page","status-publish","hentry"],"_links":{"self":[{"href":"https:\/\/infarma.co.mz\/index.php\/wp-json\/wp\/v2\/pages\/40","targetHints":{"allow":["GET"]}}],"collection":[{"href":"https:\/\/infarma.co.mz\/index.php\/wp-json\/wp\/v2\/pages"}],"about":[{"href":"https:\/\/infarma.co.mz\/index.php\/wp-json\/wp\/v2\/types\/page"}],"author":[{"embeddable":true,"href":"https:\/\/infarma.co.mz\/index.php\/wp-json\/wp\/v2\/users\/1"}],"replies":[{"embeddable":true,"href":"https:\/\/infarma.co.mz\/index.php\/wp-json\/wp\/v2\/comments?post=40"}],"version-history":[{"count":6,"href":"https:\/\/infarma.co.mz\/index.php\/wp-json\/wp\/v2\/pages\/40\/revisions"}],"predecessor-version":[{"id":665,"href":"https:\/\/infarma.co.mz\/index.php\/wp-json\/wp\/v2\/pages\/40\/revisions\/665"}],"up":[{"embeddable":true,"href":"https:\/\/infarma.co.mz\/index.php\/wp-json\/wp\/v2\/pages\/36"}],"wp:attachment":[{"href":"https:\/\/infarma.co.mz\/index.php\/wp-json\/wp\/v2\/media?parent=40"}],"curies":[{"name":"wp","href":"https:\/\/api.w.org\/{rel}","templated":true}]}}