{"id":41,"date":"2016-07-18T09:05:52","date_gmt":"2016-07-18T09:05:52","guid":{"rendered":"http:\/\/sw-themes.com\/porto_dummy\/?page_id=41"},"modified":"2024-12-06T12:00:21","modified_gmt":"2024-12-06T12:00:21","slug":"distribuicao-de-medicamentos","status":"publish","type":"page","link":"https:\/\/infarma.co.mz\/index.php\/services\/distribuicao-de-medicamentos\/","title":{"rendered":"Distribui\u00e7\u00e3o de medicamentos"},"content":{"rendered":"<div class=\"wpb-content-wrapper\"><p>[vc_row][vc_column][vc_custom_heading text=&#8221;Distribui\u00e7\u00e3o de medicamentos&#8221; font_container=&#8221;tag:h2|font_size:2.2em|text_align:left&#8221; use_theme_fonts=&#8221;yes&#8221; css=&#8221;&#8221; animation_delay=&#8221;1000&#8243; el_class=&#8221;mb-4&#8243; animation_type=&#8221;fadeInUp&#8221;][vc_column_text css=&#8221;&#8221;]<\/p>\n<p style=\"text-align: justify;\">A INFARMA opera com uma instala\u00e7\u00e3o moderna, concebida de acordo com as Boas Pr\u00e1ticas de Fabrico (BPF), assegurando a produ\u00e7\u00e3o de medicamentos destinados ao consumo humano. A aposta em infraestruturas de \u00faltima gera\u00e7\u00e3o reflete o compromisso da empresa em oferecer produtos de elevada qualidade, seguros e eficazes.<\/p>\n<p style=\"text-align: justify;\">A distribui\u00e7\u00e3o dos medicamentos \u00e9 realizada com rigor e efici\u00eancia, seguindo normas estabelecidas pelas autoridades reguladoras, de forma a garantir a sua integridade ao longo da cadeia log\u00edstica. Este processo inclui o armazenamento em condi\u00e7\u00f5es controladas, transporte adequado e entrega atempada, assegurando que os produtos cheguem aos profissionais de sa\u00fade e aos utentes em perfeitas condi\u00e7\u00f5es.<\/p>\n<p style=\"text-align: justify;\">Com esta abordagem, a INFARMA refor\u00e7a o seu papel no sector farmac\u00eautico, contribuindo para a melhoria da sa\u00fade p\u00fablica e promovendo a confian\u00e7a dos consumidores na qualidade dos seus medicamentos.<\/p>\n<p>[\/vc_column_text][vc_single_image image=&#8221;654&#8243; img_size=&#8221;1024&#215;500&#8243; css=&#8221;&#8221; animation_delay=&#8221;1600&#8243; animation_type=&#8221;fadeInUp&#8221;][\/vc_column][\/vc_row]<\/p>\n<\/div>","protected":false},"excerpt":{"rendered":"<p>[vc_row][vc_column][vc_custom_heading text=&#8221;Distribui\u00e7\u00e3o de medicamentos&#8221; font_container=&#8221;tag:h2|font_size:2.2em|text_align:left&#8221; use_theme_fonts=&#8221;yes&#8221; css=&#8221;&#8221; animation_delay=&#8221;1000&#8243; el_class=&#8221;mb-4&#8243; animation_type=&#8221;fadeInUp&#8221;][vc_column_text css=&#8221;&#8221;] A INFARMA opera com uma instala\u00e7\u00e3o moderna, concebida de acordo com as Boas Pr\u00e1ticas de Fabrico (BPF), assegurando a produ\u00e7\u00e3o de medicamentos destinados ao consumo humano. A aposta em infraestruturas de \u00faltima gera\u00e7\u00e3o reflete o compromisso da empresa em oferecer produtos de elevada qualidade, [&hellip;]<\/p>\n","protected":false},"author":1,"featured_media":0,"parent":36,"menu_order":0,"comment_status":"closed","ping_status":"closed","template":"","meta":{"content-type":"","footnotes":""},"class_list":["post-41","page","type-page","status-publish","hentry"],"_links":{"self":[{"href":"https:\/\/infarma.co.mz\/index.php\/wp-json\/wp\/v2\/pages\/41","targetHints":{"allow":["GET"]}}],"collection":[{"href":"https:\/\/infarma.co.mz\/index.php\/wp-json\/wp\/v2\/pages"}],"about":[{"href":"https:\/\/infarma.co.mz\/index.php\/wp-json\/wp\/v2\/types\/page"}],"author":[{"embeddable":true,"href":"https:\/\/infarma.co.mz\/index.php\/wp-json\/wp\/v2\/users\/1"}],"replies":[{"embeddable":true,"href":"https:\/\/infarma.co.mz\/index.php\/wp-json\/wp\/v2\/comments?post=41"}],"version-history":[{"count":5,"href":"https:\/\/infarma.co.mz\/index.php\/wp-json\/wp\/v2\/pages\/41\/revisions"}],"predecessor-version":[{"id":663,"href":"https:\/\/infarma.co.mz\/index.php\/wp-json\/wp\/v2\/pages\/41\/revisions\/663"}],"up":[{"embeddable":true,"href":"https:\/\/infarma.co.mz\/index.php\/wp-json\/wp\/v2\/pages\/36"}],"wp:attachment":[{"href":"https:\/\/infarma.co.mz\/index.php\/wp-json\/wp\/v2\/media?parent=41"}],"curies":[{"name":"wp","href":"https:\/\/api.w.org\/{rel}","templated":true}]}}