{"id":610,"date":"2024-11-30T11:31:50","date_gmt":"2024-11-30T11:31:50","guid":{"rendered":"https:\/\/teste.rgbsi.co.mz\/?page_id=610"},"modified":"2024-11-30T11:34:19","modified_gmt":"2024-11-30T11:34:19","slug":"fff","status":"publish","type":"page","link":"https:\/\/infarma.co.mz\/index.php\/fff\/","title":{"rendered":"fff"},"content":{"rendered":"<div class=\"wpb-content-wrapper\"><p>[vc_row full_width_css=&#8221;stretch_row_css&#8221; conditional_render=&#8221;%5B%7B%22value_role%22%3A%22administrator%22%7D%5D&#8221;][vc_column][vc_empty_space]\n\t\t\t\t<p class=\"rs-p-wp-fix\"><\/p>\n\t\t\t\t<sr7-module data-alias=\"demo-construction\" data-id=\"1\" id=\"SR7_1_1\" class=\"rs-ov-hidden\" data-version=\"6.7.13\">\n\t\t\t\t\t<sr7-adjuster><\/sr7-adjuster>\n\t\t\t\t\t<sr7-content>\n\t\t\t\t\t\t<sr7-slide id=\"SR7_1_1-3\" data-key=\"3\">\n\t\t\t\t\t\t\t<sr7-bg id=\"SR7_1_1-3-8\" class=\"sr7-layer\"><noscript><img decoding=\"async\" src=\"https:\/\/infarma.co.mz\/wp-content\/uploads\/2024\/11\/IMG-20240716-WA0004-copysss.jpg\" alt=\"\" title=\"IMG-20240716-WA0004 copysss\"><\/noscript><\/sr7-bg>\n\t\t\t\t\t\t\t<sr7-txt id=\"SR7_1_1-3-4\" class=\"sr7-layer\">F\u00e1brica Nacional de Medicamentos (FNM), a INFARMA adota<\/sr7-txt>\n\t\t\t\t\t\t\t<sr7-txt id=\"SR7_1_1-3-6\" class=\"sr7-layer\">Parceria entre a Sociedade Mo\u00e7ambicana de Medicamentos (SMM)<\/sr7-txt>\n\t\t\t\t\t\t\t<sr7-txt id=\"SR7_1_1-3-7\" class=\"sr7-layer\">Boas Pr\u00e1ticas de Fabrico para atender aos mais altos padr\u00f5es de qualidade, <\/sr7-txt>\n\t\t\t\t\t\t<\/sr7-slide>\n\t\t\t\t\t\t<sr7-slide id=\"SR7_1_1-12\" data-key=\"12\">\n\t\t\t\t\t\t\t<sr7-bg id=\"SR7_1_1-12-9\" class=\"sr7-layer\"><noscript><img decoding=\"async\" src=\"https:\/\/infarma.co.mz\/wp-content\/uploads\/2024\/11\/IMG-20240716-WA0007.jpg\" alt=\"\" title=\"IMG-20240716-WA0007\"><\/noscript><\/sr7-bg>\n\t\t\t\t\t\t\t<sr7-txt id=\"SR7_1_1-12-4\" class=\"sr7-layer\">alinhadas \u00e0s Boas Pr\u00e1ticas de Fabrico, garantindo medicamentos seguros e confi\u00e1veis.<\/sr7-txt>\n\t\t\t\t\t\t\t<sr7-txt id=\"SR7_1_1-12-8\" class=\"sr7-layer\">INFARMA assegura rigoroso controlo de qualidade, com instala\u00e7\u00f5es modernas <\/sr7-txt>\n\t\t\t\t\t\t<\/sr7-slide>\n\t\t\t\t\t\t<sr7-slide id=\"SR7_1_1-13\" data-key=\"13\">\n\t\t\t\t\t\t\t<sr7-bg id=\"SR7_1_1-13-8\" class=\"sr7-layer\"><noscript><img decoding=\"async\" src=\"https:\/\/infarma.co.mz\/wp-content\/uploads\/2024\/11\/346971745307790.jpg\" alt=\"\" title=\"346971745307790\"><\/noscript><\/sr7-bg>\n\t\t\t\t\t\t\t<sr7-txt id=\"SR7_1_1-13-4\" class=\"sr7-layer\">INFARMA assegura rigor no Controlo e Garantia da Qualidade, produzindo<\/sr7-txt>\n\t\t\t\t\t\t\t<sr7-txt id=\"SR7_1_1-13-6\" class=\"sr7-layer\">Com modernas instala\u00e7\u00f5es e alinhada \u00e0s Boas Pr\u00e1ticas de Fabrico<\/sr7-txt>\n\t\t\t\t\t\t\t<sr7-txt id=\"SR7_1_1-13-7\" class=\"sr7-layer\">Medicamentos seguros e confi\u00e1veis para consumo humano<\/sr7-txt>\n\t\t\t\t\t\t<\/sr7-slide>\n\t\t\t\t\t\t<sr7-slide id=\"SR7_1_1-7\" data-key=\"7\">\n\t\t\t\t\t\t<\/sr7-slide>\n\t\t\t\t\t<\/sr7-content>\n\t\t\t\t\t<image_lists style=\"display:none\">\n\t\t\t\t\t\t<img data-src=\"\/\/infarma.co.mz\/wp-content\/uploads\/2024\/11\/IMG-20240716-WA0004-copysss.jpg\" data-libid=\"590\" data-lib=\"medialibrary\" title=\"IMG-20240716-WA0004 copysss\" width=\"0\" height=\"0\" data-dbsrc=\"Ly9pbmZhcm1hLmNvLm16L3dwLWNvbnRlbnQvdXBsb2Fkcy8yMDI0LzExL0lNRy0yMDI0MDcxNi1XQTAwMDQtY29weXNzcy5qcGc=\"\/>\n\t\t\t\t\t\t<img data-src=\"\/\/infarma.co.mz\/wp-content\/uploads\/2024\/11\/IMG-20240716-WA0007.jpg\" data-libid=\"15\" data-lib=\"medialibrary\" title=\"IMG-20240716-WA0007\" width=\"0\" height=\"0\" data-dbsrc=\"Ly9pbmZhcm1hLmNvLm16L3dwLWNvbnRlbnQvdXBsb2Fkcy8yMDI0LzExL0lNRy0yMDI0MDcxNi1XQTAwMDcuanBn\"\/>\n\t\t\t\t\t\t<img data-src=\"\/\/infarma.co.mz\/wp-content\/uploads\/2024\/11\/346971745307790.jpg\" data-libid=\"608\" data-lib=\"medialibrary\" title=\"346971745307790\" width=\"0\" height=\"0\" data-dbsrc=\"Ly9pbmZhcm1hLmNvLm16L3dwLWNvbnRlbnQvdXBsb2Fkcy8yMDI0LzExLzM0Njk3MTc0NTMwNzc5MC5qcGc=\"\/>\n\t\t\t\t\t<\/image_lists>\n\t\t\t\t<\/sr7-module>\n\t\t\t\t<script>\n\t\t\t\t\tSR7.PMH ??={}; SR7.PMH[\"SR7_1_1\"] = {cn:0,state:false,fn: function() { if (_tpt!==undefined && _tpt.prepareModuleHeight !== undefined) {  _tpt.prepareModuleHeight({id:\"SR7_1_1\",el:[700,700,768,960,720],type:'standard',shdw:'0',gh:[700,700,613,466,288],gw:[1170,1170,1024,778,480],vpt:['100px'],size:{fullWidth:false, fullHeight:false},mh:'0',onh:0,onw:0,bg:{color:'{\"type\":\"solid\",\"orig\":\"#eaeaea\",\"string\":\"rgba(234, 234, 234, 1)\"}'},plType:'3',plColor:'#FFFFFF'});   SR7.PMH[\"SR7_1_1\"].state=true;} else if((SR7.PMH[\"SR7_1_1\"].cn++)<100)\tsetTimeout( SR7.PMH[\"SR7_1_1\"].fn,19);}};SR7.PMH[\"SR7_1_1\" ].fn();\n\t\t\t\t<\/script>\n[\/vc_column][\/vc_row]<\/p>\n<\/div>","protected":false},"excerpt":{"rendered":"<p>[vc_row full_width_css=&#8221;stretch_row_css&#8221; conditional_render=&#8221;%5B%7B%22value_role%22%3A%22administrator%22%7D%5D&#8221;][vc_column][vc_empty_space][\/vc_column][\/vc_row]<\/p>\n","protected":false},"author":1,"featured_media":0,"parent":0,"menu_order":0,"comment_status":"closed","ping_status":"closed","template":"","meta":{"content-type":"","footnotes":""},"class_list":["post-610","page","type-page","status-publish","hentry"],"_links":{"self":[{"href":"https:\/\/infarma.co.mz\/index.php\/wp-json\/wp\/v2\/pages\/610","targetHints":{"allow":["GET"]}}],"collection":[{"href":"https:\/\/infarma.co.mz\/index.php\/wp-json\/wp\/v2\/pages"}],"about":[{"href":"https:\/\/infarma.co.mz\/index.php\/wp-json\/wp\/v2\/types\/page"}],"author":[{"embeddable":true,"href":"https:\/\/infarma.co.mz\/index.php\/wp-json\/wp\/v2\/users\/1"}],"replies":[{"embeddable":true,"href":"https:\/\/infarma.co.mz\/index.php\/wp-json\/wp\/v2\/comments?post=610"}],"version-history":[{"count":3,"href":"https:\/\/infarma.co.mz\/index.php\/wp-json\/wp\/v2\/pages\/610\/revisions"}],"predecessor-version":[{"id":613,"href":"https:\/\/infarma.co.mz\/index.php\/wp-json\/wp\/v2\/pages\/610\/revisions\/613"}],"wp:attachment":[{"href":"https:\/\/infarma.co.mz\/index.php\/wp-json\/wp\/v2\/media?parent=610"}],"curies":[{"name":"wp","href":"https:\/\/api.w.org\/{rel}","templated":true}]}}