{"id":703,"date":"2024-11-30T16:33:12","date_gmt":"2024-11-30T16:33:12","guid":{"rendered":"https:\/\/teste.rgbsi.co.mz\/?page_id=703"},"modified":"2024-11-30T17:05:25","modified_gmt":"2024-11-30T17:05:25","slug":"projecto-de-producao-de-soros-e-vacinas","status":"publish","type":"page","link":"https:\/\/infarma.co.mz\/index.php\/projecto-de-producao-de-soros-e-vacinas\/","title":{"rendered":"Projecto de Produ\u00e7\u00e3o de Soros e Vacinas,"},"content":{"rendered":"<div class=\"wpb-content-wrapper\"><p>[vc_row][vc_column][vc_single_image image=&#8221;708&#8243; img_size=&#8221;full&#8221; alignment=&#8221;center&#8221; css=&#8221;&#8221;][vc_row_inner][vc_column_inner]<div class=\"porto-u-heading  wpb_custom_497a1ef59c281198d2b8242f83cd467d porto-u-7871 \"><div class=\"porto-u-sub-heading\" style=\"\">\n<p style=\"text-align: justify;\">O projecto de produ\u00e7\u00e3o de Soros e Vacinas, desenvolvido atrav\u00e9s de uma parceria entre a SMM e a FNM, destaca-se pela sua estrutura e conformidade com as melhores pr\u00e1ticas internacionais. A f\u00e1brica, projetada para atender aos mais elevados padr\u00f5es de qualidade, opera de acordo com as Boas Pr\u00e1ticas de Fabrico (BPF) e est\u00e1 alinhada com as normas estabelecidas pelas autoridades sanit\u00e1rias locais, garantindo a produ\u00e7\u00e3o de Soros e Vacinas eficazes para o consumo humano.<\/p>\n<p style=\"text-align: justify;\"><strong>F\u00e1brica de Soros:<\/strong><\/p>\n<p style=\"text-align: justify;\">Com uma <strong>capacidade anual de 16,8 milh\u00f5es de frascos<\/strong>, a F\u00e1brica de Soros \u00e9 equipada com \u00e1reas especializadas, cada uma dedicada a uma etapa espec\u00edfica do processo de produ\u00e7\u00e3o. Estas incluem:<\/p>\n<p style=\"text-align: justify;\">\u00c1<strong>rea de amostragem e dispensa<\/strong>, onde as mat\u00e9rias primas s\u00e3o cuidadosamente selecionadas para a produ\u00e7\u00e3o;<br \/>\n<strong>\u00c1rea de fabrico<\/strong>, onde os soros s\u00e3o efetivamente produzidos, sob rigorosos controlos de qualidade;<\/p>\n<p style=\"text-align: justify;\"><strong>\u00c1rea de enchimento<\/strong>, onde o produto final \u00e9 transferido para os frascos;<\/p>\n<p style=\"text-align: justify;\"><strong>\u00c1rea de embalagem<\/strong>, dedicada ao acondicionamento dos frascos para distribui\u00e7\u00e3o;<\/p>\n<p style=\"text-align: justify;\"><strong>Laborat\u00f3rios de controlo de qualidade e microbiologia<\/strong>, essenciais para garantir que os produtos cumpram todos os requisitos de seguran\u00e7a e efic\u00e1cia;<\/p>\n<p style=\"text-align: justify;\"><strong>Planta de \u00e1gua purificada<\/strong>, que assegura a utiliza\u00e7\u00e3o de \u00e1gua de alta qualidade em todas as fases de produ\u00e7\u00e3o;<\/p>\n<p style=\"text-align: justify;\"><strong>\u00c1reas de armazenamento<\/strong>, que mant\u00eam as condi\u00e7\u00f5es ideais para o armazenamento dos produtos durante e ap\u00f3s o processo de fabrico.<\/p>\n<p style=\"text-align: justify;\"><strong>F\u00e1brica de Vacinas:<\/strong><\/p>\n<p style=\"text-align: justify;\">Com uma <strong>capacidade anual de 50 milh\u00f5es de frascos<\/strong>, a F\u00e1brica de Vacinas est\u00e1 igualmente preparada para garantir a produ\u00e7\u00e3o de vacinas seguras e eficazes. As suas instala\u00e7\u00f5es incluem:<\/p>\n<p style=\"text-align: justify;\"><strong>\u00c1rea de embalagem secund\u00e1ria<\/strong>, onde as vacinas s\u00e3o acondicionadas de forma a garantir a sua integridade e seguran\u00e7a durante o transporte e armazenamento;<\/p>\n<p style=\"text-align: justify;\"><strong>Armaz\u00e9ns de material de embalagem<\/strong>, que armazenam o material necess\u00e1rio para o processo de embalagem secund\u00e1ria;<\/p>\n<p style=\"text-align: justify;\"><strong>Zona de armazenagem a frio<\/strong>, onde os produtos acabados s\u00e3o mantidos a temperaturas controladas, garantindo a sua efic\u00e1cia at\u00e9 ao momento da utiliza\u00e7\u00e3o;<\/p>\n<p style=\"text-align: justify;\"><strong>Laborat\u00f3rio de teste de material de embalagem secund\u00e1ria<\/strong>, que assegura que todo o material utilizado no processo de embalagem cumpra os crit\u00e9rios exigidos.<\/p>\n<p style=\"text-align: justify;\">Este projecto, ao alinhar-se com as melhores pr\u00e1ticas internacionais e as directrizes locais, representa um avan\u00e7o significativo na capacidade de Mo\u00e7ambique de produzir medicamentos essenciais, contribuindo para a melhoria da sa\u00fade p\u00fablica e o acesso a tratamentos eficazes.<\/p>\n<p><\/div><style>.porto-u-7871.porto-u-heading{text-align:left}<\/style><\/div>[\/vc_column_inner][\/vc_row_inner][\/vc_column][\/vc_row][vc_row el_id=&#8221;who-we-are&#8221; el_class=&#8221;m-t-n-md p-t-md&#8221;][vc_column][\/vc_column][\/vc_row]<\/p>\n<\/div>","protected":false},"excerpt":{"rendered":"<p>[vc_row][vc_column][vc_single_image image=&#8221;708&#8243; img_size=&#8221;full&#8221; alignment=&#8221;center&#8221; css=&#8221;&#8221;][vc_row_inner][vc_column_inner][\/vc_column_inner][\/vc_row_inner][\/vc_column][\/vc_row][vc_row el_id=&#8221;who-we-are&#8221; el_class=&#8221;m-t-n-md p-t-md&#8221;][vc_column][\/vc_column][\/vc_row]<\/p>\n","protected":false},"author":1,"featured_media":0,"parent":0,"menu_order":0,"comment_status":"closed","ping_status":"closed","template":"","meta":{"content-type":"","footnotes":""},"class_list":["post-703","page","type-page","status-publish","hentry"],"_links":{"self":[{"href":"https:\/\/infarma.co.mz\/index.php\/wp-json\/wp\/v2\/pages\/703","targetHints":{"allow":["GET"]}}],"collection":[{"href":"https:\/\/infarma.co.mz\/index.php\/wp-json\/wp\/v2\/pages"}],"about":[{"href":"https:\/\/infarma.co.mz\/index.php\/wp-json\/wp\/v2\/types\/page"}],"author":[{"embeddable":true,"href":"https:\/\/infarma.co.mz\/index.php\/wp-json\/wp\/v2\/users\/1"}],"replies":[{"embeddable":true,"href":"https:\/\/infarma.co.mz\/index.php\/wp-json\/wp\/v2\/comments?post=703"}],"version-history":[{"count":8,"href":"https:\/\/infarma.co.mz\/index.php\/wp-json\/wp\/v2\/pages\/703\/revisions"}],"predecessor-version":[{"id":714,"href":"https:\/\/infarma.co.mz\/index.php\/wp-json\/wp\/v2\/pages\/703\/revisions\/714"}],"wp:attachment":[{"href":"https:\/\/infarma.co.mz\/index.php\/wp-json\/wp\/v2\/media?parent=703"}],"curies":[{"name":"wp","href":"https:\/\/api.w.org\/{rel}","templated":true}]}}