{"id":716,"date":"2024-12-01T16:50:03","date_gmt":"2024-12-01T16:50:03","guid":{"rendered":"https:\/\/teste.rgbsi.co.mz\/?page_id=716"},"modified":"2024-12-05T09:36:47","modified_gmt":"2024-12-05T09:36:47","slug":"sustentabilidade","status":"publish","type":"page","link":"https:\/\/infarma.co.mz\/index.php\/sustentabilidade\/","title":{"rendered":"Sustentabilidade"},"content":{"rendered":"<div class=\"wpb-content-wrapper\"><p>[vc_row][vc_column][vc_single_image image=&#8221;717&#8243; img_size=&#8221;full&#8221; alignment=&#8221;center&#8221; css=&#8221;&#8221;][vc_row_inner][vc_column_inner]<div class=\"porto-u-heading  wpb_custom_497a1ef59c281198d2b8242f83cd467d porto-u-8893 \"><div class=\"porto-u-sub-heading\" style=\"\">\n<p style=\"text-align: justify;\"><strong>Na Infarma, Constru\u00edmos um Futuro Sustent\u00e1vel para as Pessoas, a Sociedade e o Planeta<\/strong><\/p>\n<p style=\"text-align: justify;\">Na Infarma, a sustentabilidade \u00e9 mais do que uma prioridade \u00e9 o nosso compromisso com pr\u00e1ticas empresariais respons\u00e1veis e com a cria\u00e7\u00e3o de valor duradouro para os nossos clientes e para o mundo. Estamos profundamente empenhados em alinhar as nossas actividades com prioridades globais, promovendo um impacto positivo em todas as dimens\u00f5es da nossa actua\u00e7\u00e3o.<\/p>\n<p style=\"text-align: justify;\"><strong>A Nossa Estrat\u00e9gia de Sustentabilidade: &#8220;Construir um Futuro Saud\u00e1vel&#8221;<\/strong><\/p>\n<p style=\"text-align: justify;\">Acreditamos que a sa\u00fade do planeta est\u00e1 intrinsecamente ligada \u00e0 sa\u00fade das pessoas e das comunidades. Por isso, desenvolvemos a nossa estrat\u00e9gia de sustentabilidade baseada em tr\u00eas pilares essenciais:<\/p>\n<p><strong>Acesso \u00e0 Sa\u00fade<\/strong><\/p>\n<p style=\"text-align: justify;\">Comprometemo-nos a melhorar o acesso aos cuidados de sa\u00fade para popula\u00e7\u00f5es vulner\u00e1veis e sub-representadas. Acreditamos que cada indiv\u00edduo merece acesso a medicamentos e tratamentos de qualidade, independentemente de onde viva. Desenvolvemos parcerias estrat\u00e9gicas e programas inclusivos para expandir o alcance dos nossos produtos e servi\u00e7os, contribuindo para um mundo mais justo e saud\u00e1vel.<\/p>\n<p><strong>Protec\u00e7\u00e3o Ambiental<\/strong><\/p>\n<p style=\"text-align: justify;\">Reconhecemos que a preserva\u00e7\u00e3o do meio ambiente \u00e9 essencial para garantir um futuro vi\u00e1vel para as pr\u00f3ximas gera\u00e7\u00f5es. Na Infarma, integramos princ\u00edpios de qu\u00edmica verde nos nossos processos de fabrico, o que nos permite minimizar os impactos ambientais associados \u00e0 produ\u00e7\u00e3o de medicamentos. Estas pr\u00e1ticas incluem:<\/p>\n<ul>\n<li style=\"list-style-type: none;\">\n<ul>\n<li><strong>Conserva\u00e7\u00e3o de recursos h\u00eddricos<\/strong>: optamos por solu\u00e7\u00f5es que maximizam a reutiliza\u00e7\u00e3o e minimizam o desperd\u00edcio de \u00e1gua, contribuindo para a gest\u00e3o sustent\u00e1vel deste recurso vital. Al\u00e9m disso, contamos com uma moderna Esta\u00e7\u00e3o de Tratamento de Efluentes (ETE) que assegura o tratamento eficaz de fluidos industriais, reduzindo os impactos negativos no meio ambiente.<\/li>\n<li><strong>Gest\u00e3o respons\u00e1vel de res\u00edduos<\/strong>: implementamos pol\u00edticas rigorosas para a redu\u00e7\u00e3o, reutiliza\u00e7\u00e3o e elimina\u00e7\u00e3o segura de res\u00edduos, assegurando que os nossos processos protegem os ecossistemas naturais.<\/li>\n<\/ul>\n<\/li>\n<\/ul>\n<p><strong>\u00c9tica e Transpar\u00eancia<\/strong><\/p>\n<p style=\"text-align: justify;\">A integridade est\u00e1 no cora\u00e7\u00e3o de tudo o que fazemos. Operamos com transpar\u00eancia, promovendo pr\u00e1ticas \u00e9ticas em toda a nossa cadeia de valor. Isto inclui garantir a conformidade regulat\u00f3ria, promover uma cultura empresarial respons\u00e1vel e comunicar abertamente com as nossas partes interessadas. Estamos empenhados em construir confian\u00e7a, tanto internamente como com os nossos parceiros, clientes e comunidades.<\/p>\n<p style=\"text-align: justify;\"><strong>Sustentabilidade como Pilar Central<\/strong><\/p>\n<p style=\"text-align: justify;\">Adoptar a sustentabilidade como um princ\u00edpio central significa assumir a responsabilidade pelo impacto das nossas actividades e actuar de forma proactiva para criar solu\u00e7\u00f5es inovadoras e duradouras. Estamos conscientes de que a ind\u00fastria farmac\u00eautica tem um papel crucial a desempenhar na luta contra as mudan\u00e7as clim\u00e1ticas e na promo\u00e7\u00e3o de uma economia circular. Cada etapa do nosso processo de fabrico \u00e9 desenhada para optimizar recursos, reduzir emiss\u00f5es e garantir que os nossos produtos sejam fabricados de forma a respeitar os mais altos padr\u00f5es de responsabilidade ambiental.<\/p>\n<p style=\"text-align: justify;\">Na Infarma, o nosso objectivo vai al\u00e9m de oferecer produtos de qualidade. Trabalhamos diariamente para construir um legado positivo para as pessoas, para a sociedade e para o planeta. A sustentabilidade n\u00e3o \u00e9 apenas uma escolha estrat\u00e9gica, mas uma forma de estar no mundo.<\/p>\n<p style=\"text-align: justify;\">Acreditamos que, juntos, podemos criar um futuro mais saud\u00e1vel, mais sustent\u00e1vel e mais equitativo.<\/p>\n<p><\/div><style>.porto-u-8893.porto-u-heading{text-align:left}<\/style><\/div>[\/vc_column_inner][\/vc_row_inner][\/vc_column][\/vc_row]<\/p>\n<\/div>","protected":false},"excerpt":{"rendered":"<p>[vc_row][vc_column][vc_single_image image=&#8221;717&#8243; img_size=&#8221;full&#8221; alignment=&#8221;center&#8221; css=&#8221;&#8221;][vc_row_inner][vc_column_inner][\/vc_column_inner][\/vc_row_inner][\/vc_column][\/vc_row]<\/p>\n","protected":false},"author":1,"featured_media":0,"parent":0,"menu_order":0,"comment_status":"closed","ping_status":"closed","template":"","meta":{"content-type":"","footnotes":""},"class_list":["post-716","page","type-page","status-publish","hentry"],"_links":{"self":[{"href":"https:\/\/infarma.co.mz\/index.php\/wp-json\/wp\/v2\/pages\/716","targetHints":{"allow":["GET"]}}],"collection":[{"href":"https:\/\/infarma.co.mz\/index.php\/wp-json\/wp\/v2\/pages"}],"about":[{"href":"https:\/\/infarma.co.mz\/index.php\/wp-json\/wp\/v2\/types\/page"}],"author":[{"embeddable":true,"href":"https:\/\/infarma.co.mz\/index.php\/wp-json\/wp\/v2\/users\/1"}],"replies":[{"embeddable":true,"href":"https:\/\/infarma.co.mz\/index.php\/wp-json\/wp\/v2\/comments?post=716"}],"version-history":[{"count":4,"href":"https:\/\/infarma.co.mz\/index.php\/wp-json\/wp\/v2\/pages\/716\/revisions"}],"predecessor-version":[{"id":752,"href":"https:\/\/infarma.co.mz\/index.php\/wp-json\/wp\/v2\/pages\/716\/revisions\/752"}],"wp:attachment":[{"href":"https:\/\/infarma.co.mz\/index.php\/wp-json\/wp\/v2\/media?parent=716"}],"curies":[{"name":"wp","href":"https:\/\/api.w.org\/{rel}","templated":true}]}}